{"id":999,"date":"2023-05-24T14:52:26","date_gmt":"2023-05-24T12:52:26","guid":{"rendered":"https:\/\/www.asinoe-gmbh.at\/?page_id=999"},"modified":"2023-05-24T14:52:53","modified_gmt":"2023-05-24T12:52:53","slug":"wissenschaft","status":"publish","type":"page","link":"https:\/\/www.asinoe-gmbh.at\/?page_id=999","title":{"rendered":"Wissenschaft"},"content":{"rendered":"\n<h3 class=\"wp-block-heading\">Wissenschaftliche Aufarbeitung<\/h3>\n\n\n\n<p>Die Erstellung eines wissenschaftlichen Abschlussberichtes zur Vorlage beim Bundesdenkmalamt ist Teil jedes arch\u00e4ologischen Auftrages. Dar\u00fcber hinaus bieten wir Ihnen auch eine weiterf\u00fchrende Aufbereitung Ihrer Daten f\u00fcr Vortr\u00e4ge,&nbsp; Brosch\u00fcren oder Publikationen an.<\/p>\n\n\n\n<h3 class=\"wp-block-heading\">Wissensvermittlung<\/h3>\n\n\n\n<p>Zur Vermittlung von Wissen helfen wir Ihnen bei der Entwicklung und Ausf\u00fchrung von Ausstellungen und Vermittlungsprogrammen.<\/p>\n\n\n\n<div style=\"height:100px\" aria-hidden=\"true\" class=\"wp-block-spacer\"><\/div>\n\n\n\n<div class=\"wp-block-group is-nowrap is-layout-flex wp-container-core-group-is-layout-6c531013 wp-block-group-is-layout-flex\">\n<figure class=\"wp-block-image size-large is-resized\"><img loading=\"lazy\" decoding=\"async\" src=\"https:\/\/www.asinoe-gmbh.at\/wp-content\/uploads\/2017\/11\/IMG-20170924-WA0003-1024x768.jpg\" alt=\"\" class=\"wp-image-159\" width=\"426\" height=\"320\" srcset=\"https:\/\/www.asinoe-gmbh.at\/wp-content\/uploads\/2017\/11\/IMG-20170924-WA0003-1024x768.jpg 1024w, https:\/\/www.asinoe-gmbh.at\/wp-content\/uploads\/2017\/11\/IMG-20170924-WA0003-300x225.jpg 300w, https:\/\/www.asinoe-gmbh.at\/wp-content\/uploads\/2017\/11\/IMG-20170924-WA0003-768x576.jpg 768w, https:\/\/www.asinoe-gmbh.at\/wp-content\/uploads\/2017\/11\/IMG-20170924-WA0003-1568x1176.jpg 1568w, https:\/\/www.asinoe-gmbh.at\/wp-content\/uploads\/2017\/11\/IMG-20170924-WA0003.jpg 1600w\" sizes=\"auto, (max-width: 426px) 100vw, 426px\" \/><\/figure>\n\n\n\n<figure class=\"wp-block-image size-large is-resized\"><img loading=\"lazy\" decoding=\"async\" src=\"https:\/\/www.asinoe-gmbh.at\/wp-content\/uploads\/2023\/05\/DSC0775-1-1024x683.jpg\" alt=\"\" class=\"wp-image-1001\" width=\"488\" height=\"325\" srcset=\"https:\/\/www.asinoe-gmbh.at\/wp-content\/uploads\/2023\/05\/DSC0775-1-1024x683.jpg 1024w, https:\/\/www.asinoe-gmbh.at\/wp-content\/uploads\/2023\/05\/DSC0775-1-300x200.jpg 300w, https:\/\/www.asinoe-gmbh.at\/wp-content\/uploads\/2023\/05\/DSC0775-1-768x512.jpg 768w, https:\/\/www.asinoe-gmbh.at\/wp-content\/uploads\/2023\/05\/DSC0775-1-1536x1024.jpg 1536w, https:\/\/www.asinoe-gmbh.at\/wp-content\/uploads\/2023\/05\/DSC0775-1-2048x1365.jpg 2048w\" sizes=\"auto, (max-width: 488px) 100vw, 488px\" \/><\/figure>\n<\/div>\n","protected":false},"excerpt":{"rendered":"<p>Wissenschaftliche Aufarbeitung Die Erstellung eines wissenschaftlichen Abschlussberichtes zur Vorlage beim Bundesdenkmalamt ist Teil jedes arch\u00e4ologischen Auftrages. Dar\u00fcber hinaus bieten wir Ihnen auch eine weiterf\u00fchrende Aufbereitung Ihrer Daten f\u00fcr Vortr\u00e4ge,&nbsp; Brosch\u00fcren oder Publikationen an. Wissensvermittlung Zur Vermittlung von Wissen helfen wir Ihnen bei der Entwicklung und Ausf\u00fchrung von Ausstellungen und Vermittlungsprogrammen.<\/p>\n","protected":false},"author":2,"featured_media":0,"parent":104,"menu_order":0,"comment_status":"closed","ping_status":"closed","template":"","meta":{"footnotes":""},"class_list":["post-999","page","type-page","status-publish","hentry"],"aioseo_notices":[],"_links":{"self":[{"href":"https:\/\/www.asinoe-gmbh.at\/index.php?rest_route=\/wp\/v2\/pages\/999","targetHints":{"allow":["GET"]}}],"collection":[{"href":"https:\/\/www.asinoe-gmbh.at\/index.php?rest_route=\/wp\/v2\/pages"}],"about":[{"href":"https:\/\/www.asinoe-gmbh.at\/index.php?rest_route=\/wp\/v2\/types\/page"}],"author":[{"embeddable":true,"href":"https:\/\/www.asinoe-gmbh.at\/index.php?rest_route=\/wp\/v2\/users\/2"}],"replies":[{"embeddable":true,"href":"https:\/\/www.asinoe-gmbh.at\/index.php?rest_route=%2Fwp%2Fv2%2Fcomments&post=999"}],"version-history":[{"count":1,"href":"https:\/\/www.asinoe-gmbh.at\/index.php?rest_route=\/wp\/v2\/pages\/999\/revisions"}],"predecessor-version":[{"id":1002,"href":"https:\/\/www.asinoe-gmbh.at\/index.php?rest_route=\/wp\/v2\/pages\/999\/revisions\/1002"}],"up":[{"embeddable":true,"href":"https:\/\/www.asinoe-gmbh.at\/index.php?rest_route=\/wp\/v2\/pages\/104"}],"wp:attachment":[{"href":"https:\/\/www.asinoe-gmbh.at\/index.php?rest_route=%2Fwp%2Fv2%2Fmedia&parent=999"}],"curies":[{"name":"wp","href":"https:\/\/api.w.org\/{rel}","templated":true}]}}