{"id":971,"date":"2023-05-24T14:22:49","date_gmt":"2023-05-24T12:22:49","guid":{"rendered":"https:\/\/www.asinoe-gmbh.at\/?page_id=971"},"modified":"2023-05-24T14:27:59","modified_gmt":"2023-05-24T12:27:59","slug":"bauforschung","status":"publish","type":"page","link":"https:\/\/www.asinoe-gmbh.at\/?page_id=971","title":{"rendered":"Bauforschung"},"content":{"rendered":"\n<p><\/p>\n\n\n\n<h3 class=\"wp-block-heading\">Bauhistorische Untersuchung &amp; Sanierungsbegleitung<\/h3>\n\n\n\n<p>Bei der Sanierung von denkmalgesch\u00fctztem Baubestand, etwa im Zuge von Umbauarbeiten an Kirchen, Schl\u00f6ssern oder anderen historischen Bauten, ist es h\u00e4ufig notwendig bauarch\u00e4ologische Untersuchungen durchzuf\u00fchren. Unser Team hat langj\u00e4hrige Erfahrungen mit der Freilegung und Dokumentation von historischem Bestand mithilfe modernster Technologien wie 3D-Modellierung und Drohnenaufnahmen. <\/p>\n\n\n\n<p><\/p>\n\n\n\n<div style=\"height:100px\" aria-hidden=\"true\" class=\"wp-block-spacer\"><\/div>\n\n\n\n<p><\/p>\n\n\n\n<div class=\"wp-block-group is-nowrap is-layout-flex wp-container-core-group-is-layout-6c531013 wp-block-group-is-layout-flex\">\n<figure class=\"wp-block-image size-large is-resized\"><img loading=\"lazy\" decoding=\"async\" src=\"https:\/\/www.asinoe-gmbh.at\/wp-content\/uploads\/2023\/05\/Abb-2_Orthophoto-1024x1002.jpg\" alt=\"\" class=\"wp-image-972\" width=\"410\" height=\"402\" srcset=\"https:\/\/www.asinoe-gmbh.at\/wp-content\/uploads\/2023\/05\/Abb-2_Orthophoto-1024x1002.jpg 1024w, https:\/\/www.asinoe-gmbh.at\/wp-content\/uploads\/2023\/05\/Abb-2_Orthophoto-300x294.jpg 300w, https:\/\/www.asinoe-gmbh.at\/wp-content\/uploads\/2023\/05\/Abb-2_Orthophoto-768x752.jpg 768w, https:\/\/www.asinoe-gmbh.at\/wp-content\/uploads\/2023\/05\/Abb-2_Orthophoto-1536x1503.jpg 1536w, https:\/\/www.asinoe-gmbh.at\/wp-content\/uploads\/2023\/05\/Abb-2_Orthophoto.jpg 2020w\" sizes=\"auto, (max-width: 410px) 100vw, 410px\" \/><\/figure>\n\n\n\n<figure class=\"wp-block-image size-large is-resized\"><img decoding=\"async\" src=\"https:\/\/www.asinoe-gmbh.at\/wp-content\/uploads\/2023\/05\/20200527_121049-1024x768.jpg\" alt=\"\" class=\"wp-image-973\" width=\"500\" srcset=\"https:\/\/www.asinoe-gmbh.at\/wp-content\/uploads\/2023\/05\/20200527_121049-1024x768.jpg 1024w, https:\/\/www.asinoe-gmbh.at\/wp-content\/uploads\/2023\/05\/20200527_121049-300x225.jpg 300w, https:\/\/www.asinoe-gmbh.at\/wp-content\/uploads\/2023\/05\/20200527_121049-768x576.jpg 768w, https:\/\/www.asinoe-gmbh.at\/wp-content\/uploads\/2023\/05\/20200527_121049-1536x1152.jpg 1536w, https:\/\/www.asinoe-gmbh.at\/wp-content\/uploads\/2023\/05\/20200527_121049-2048x1536.jpg 2048w\" sizes=\"(max-width: 1024px) 100vw, 1024px\" \/><\/figure>\n<\/div>\n","protected":false},"excerpt":{"rendered":"<p>Bauhistorische Untersuchung &amp; Sanierungsbegleitung Bei der Sanierung von denkmalgesch\u00fctztem Baubestand, etwa im Zuge von Umbauarbeiten an Kirchen, Schl\u00f6ssern oder anderen historischen Bauten, ist es h\u00e4ufig notwendig bauarch\u00e4ologische Untersuchungen durchzuf\u00fchren. Unser Team hat langj\u00e4hrige Erfahrungen mit der Freilegung und Dokumentation von historischem Bestand mithilfe modernster Technologien wie 3D-Modellierung und Drohnenaufnahmen.<\/p>\n","protected":false},"author":2,"featured_media":0,"parent":104,"menu_order":2,"comment_status":"closed","ping_status":"closed","template":"","meta":{"footnotes":""},"class_list":["post-971","page","type-page","status-publish","hentry"],"aioseo_notices":[],"_links":{"self":[{"href":"https:\/\/www.asinoe-gmbh.at\/index.php?rest_route=\/wp\/v2\/pages\/971","targetHints":{"allow":["GET"]}}],"collection":[{"href":"https:\/\/www.asinoe-gmbh.at\/index.php?rest_route=\/wp\/v2\/pages"}],"about":[{"href":"https:\/\/www.asinoe-gmbh.at\/index.php?rest_route=\/wp\/v2\/types\/page"}],"author":[{"embeddable":true,"href":"https:\/\/www.asinoe-gmbh.at\/index.php?rest_route=\/wp\/v2\/users\/2"}],"replies":[{"embeddable":true,"href":"https:\/\/www.asinoe-gmbh.at\/index.php?rest_route=%2Fwp%2Fv2%2Fcomments&post=971"}],"version-history":[{"count":3,"href":"https:\/\/www.asinoe-gmbh.at\/index.php?rest_route=\/wp\/v2\/pages\/971\/revisions"}],"predecessor-version":[{"id":978,"href":"https:\/\/www.asinoe-gmbh.at\/index.php?rest_route=\/wp\/v2\/pages\/971\/revisions\/978"}],"up":[{"embeddable":true,"href":"https:\/\/www.asinoe-gmbh.at\/index.php?rest_route=\/wp\/v2\/pages\/104"}],"wp:attachment":[{"href":"https:\/\/www.asinoe-gmbh.at\/index.php?rest_route=%2Fwp%2Fv2%2Fmedia&parent=971"}],"curies":[{"name":"wp","href":"https:\/\/api.w.org\/{rel}","templated":true}]}}