{"id":644,"date":"2023-05-23T11:43:50","date_gmt":"2023-05-23T09:43:50","guid":{"rendered":"https:\/\/www.asinoe-gmbh.at\/?page_id=644"},"modified":"2023-05-25T16:17:12","modified_gmt":"2023-05-25T14:17:12","slug":"impressum","status":"publish","type":"page","link":"https:\/\/www.asinoe-gmbh.at\/?page_id=644","title":{"rendered":"Impressum"},"content":{"rendered":"\n<p><strong>Firmenwortlaut:<\/strong> ASINOE GmbH<br><strong>Unternehmensgegenstand:<\/strong> arch\u00e4ologische Forschung und Dienstleistungen sowie<br>kunsthistorische und baugeschichtliche Untersuchungen<\/p>\n\n\n\n<p><strong>Gesch\u00e4ftsf\u00fchrerin:<\/strong> Dr. Ute Scholz M.A.<\/p>\n\n\n\n<p><strong>UID Nummer:<\/strong> ATU 715 730 13<br><strong>Firmenbuchnummer:<\/strong> FN 460278 f<br><strong>Firmenbuchgericht:<\/strong> Landesgericht Krems an der Donau<br><strong>Firmensitz:<\/strong> in der politischen Gemeinde Krems an der Donau<br><strong>Anschrift:<\/strong> K\u00f6rnermarkt 16, 3500 Krems an der Donau<\/p>\n\n\n\n<p><strong>Kontaktdaten:<\/strong><\/p>\n\n\n\n<p>Telefon: 02732 71 5 71\u00a0\u00a0\u00a0\u00a0\u00a0\u00a0\u00a0\u00a0\u00a0\u00a0\u00a0\u00a0\u00a0 Email: <a href=\"mailto:office@asinoe-gmbh.at\">office@asinoe-gmbh.at<\/a><\/p>\n\n\n\n<div class=\"wp-block-group is-layout-constrained wp-block-group-is-layout-constrained\">\n<p><\/p>\n<pre>&nbsp;<\/pre>\n<\/div>\n","protected":false},"excerpt":{"rendered":"<p>Firmenwortlaut: ASINOE GmbHUnternehmensgegenstand: arch\u00e4ologische Forschung und Dienstleistungen sowiekunsthistorische und baugeschichtliche Untersuchungen Gesch\u00e4ftsf\u00fchrerin: Dr. Ute Scholz M.A. UID Nummer: ATU 715 730 13Firmenbuchnummer: FN 460278 fFirmenbuchgericht: Landesgericht Krems an der DonauFirmensitz: in der politischen Gemeinde Krems an der DonauAnschrift: K\u00f6rnermarkt 16, 3500 Krems an der Donau Kontaktdaten: Telefon: 02732 71 5 71\u00a0\u00a0\u00a0\u00a0\u00a0\u00a0\u00a0\u00a0\u00a0\u00a0\u00a0\u00a0\u00a0 Email: office@asinoe-gmbh.at &nbsp;<\/p>\n","protected":false},"author":2,"featured_media":0,"parent":0,"menu_order":0,"comment_status":"closed","ping_status":"closed","template":"","meta":{"footnotes":""},"class_list":["post-644","page","type-page","status-publish","hentry"],"aioseo_notices":[],"_links":{"self":[{"href":"https:\/\/www.asinoe-gmbh.at\/index.php?rest_route=\/wp\/v2\/pages\/644","targetHints":{"allow":["GET"]}}],"collection":[{"href":"https:\/\/www.asinoe-gmbh.at\/index.php?rest_route=\/wp\/v2\/pages"}],"about":[{"href":"https:\/\/www.asinoe-gmbh.at\/index.php?rest_route=\/wp\/v2\/types\/page"}],"author":[{"embeddable":true,"href":"https:\/\/www.asinoe-gmbh.at\/index.php?rest_route=\/wp\/v2\/users\/2"}],"replies":[{"embeddable":true,"href":"https:\/\/www.asinoe-gmbh.at\/index.php?rest_route=%2Fwp%2Fv2%2Fcomments&post=644"}],"version-history":[{"count":6,"href":"https:\/\/www.asinoe-gmbh.at\/index.php?rest_route=\/wp\/v2\/pages\/644\/revisions"}],"predecessor-version":[{"id":1144,"href":"https:\/\/www.asinoe-gmbh.at\/index.php?rest_route=\/wp\/v2\/pages\/644\/revisions\/1144"}],"wp:attachment":[{"href":"https:\/\/www.asinoe-gmbh.at\/index.php?rest_route=%2Fwp%2Fv2%2Fmedia&parent=644"}],"curies":[{"name":"wp","href":"https:\/\/api.w.org\/{rel}","templated":true}]}}