{"id":40,"date":"2016-12-02T12:42:30","date_gmt":"2016-12-02T11:42:30","guid":{"rendered":"http:\/\/www.asinoe-gmbh.at\/?page_id=40"},"modified":"2023-05-30T08:28:38","modified_gmt":"2023-05-30T06:28:38","slug":"kontakt","status":"publish","type":"page","link":"https:\/\/www.asinoe-gmbh.at\/?page_id=40","title":{"rendered":"Kontakt"},"content":{"rendered":"\n<h3 class=\"wp-block-heading\">Dr. Ute Scholz M.A.<\/h3>\n\n\n\n<p>Gesch\u00e4ftsf\u00fchrung &#8211; ASINOE GmbH<\/p>\n\n\n\n<p class=\"has-text-align-left\">K\u00f6rnermarkt 16 &#8211; 3500 Krems a.d. Donau<\/p>\n\n\n\n<p class=\"has-text-align-left\">Email:<\/p>\n\n\n\n<p class=\"has-text-align-left\"><a href=\"mailto:ute.scholz@asinoe-gmbh.at\" target=\"_blank\" rel=\"noopener noreferrer\" title=\"email schreieben\"> ute.scholz@asinoe-gmbh.at<\/a><\/p>\n\n\n\n<p class=\"has-text-align-left\"><a href=\"mailto:office@asinoe-gmbh.at\">office@asinoe-gmbh.at<\/a><\/p>\n\n\n\n<h5 class=\"wp-block-heading\">Tel: +43 676 697 06 46<\/h5>\n\n\n\n<p><\/p>\n\n\n\n<p><\/p>\n\n\n\n<p><\/p>\n\n\n\n<figure class=\"wp-block-image alignleft size-large is-resized\"><img loading=\"lazy\" decoding=\"async\" src=\"https:\/\/www.asinoe-gmbh.at\/wp-content\/uploads\/2023\/05\/DJI_0416-2-1024x576.jpg\" alt=\"\" class=\"wp-image-444\" width=\"740\" height=\"416\" srcset=\"https:\/\/www.asinoe-gmbh.at\/wp-content\/uploads\/2023\/05\/DJI_0416-2-1024x576.jpg 1024w, https:\/\/www.asinoe-gmbh.at\/wp-content\/uploads\/2023\/05\/DJI_0416-2-300x169.jpg 300w, https:\/\/www.asinoe-gmbh.at\/wp-content\/uploads\/2023\/05\/DJI_0416-2-768x432.jpg 768w, https:\/\/www.asinoe-gmbh.at\/wp-content\/uploads\/2023\/05\/DJI_0416-2-1536x864.jpg 1536w, https:\/\/www.asinoe-gmbh.at\/wp-content\/uploads\/2023\/05\/DJI_0416-2-2048x1152.jpg 2048w\" sizes=\"auto, (max-width: 740px) 100vw, 740px\" \/><\/figure>\n","protected":false},"excerpt":{"rendered":"<p>Dr. Ute Scholz M.A. Gesch\u00e4ftsf\u00fchrung &#8211; ASINOE GmbH K\u00f6rnermarkt 16 &#8211; 3500 Krems a.d. Donau Email: ute.scholz@asinoe-gmbh.at office@asinoe-gmbh.at Tel: +43 676 697 06 46<\/p>\n","protected":false},"author":2,"featured_media":0,"parent":0,"menu_order":0,"comment_status":"closed","ping_status":"closed","template":"","meta":{"footnotes":""},"class_list":["post-40","page","type-page","status-publish","hentry"],"aioseo_notices":[],"_links":{"self":[{"href":"https:\/\/www.asinoe-gmbh.at\/index.php?rest_route=\/wp\/v2\/pages\/40","targetHints":{"allow":["GET"]}}],"collection":[{"href":"https:\/\/www.asinoe-gmbh.at\/index.php?rest_route=\/wp\/v2\/pages"}],"about":[{"href":"https:\/\/www.asinoe-gmbh.at\/index.php?rest_route=\/wp\/v2\/types\/page"}],"author":[{"embeddable":true,"href":"https:\/\/www.asinoe-gmbh.at\/index.php?rest_route=\/wp\/v2\/users\/2"}],"replies":[{"embeddable":true,"href":"https:\/\/www.asinoe-gmbh.at\/index.php?rest_route=%2Fwp%2Fv2%2Fcomments&post=40"}],"version-history":[{"count":11,"href":"https:\/\/www.asinoe-gmbh.at\/index.php?rest_route=\/wp\/v2\/pages\/40\/revisions"}],"predecessor-version":[{"id":1160,"href":"https:\/\/www.asinoe-gmbh.at\/index.php?rest_route=\/wp\/v2\/pages\/40\/revisions\/1160"}],"wp:attachment":[{"href":"https:\/\/www.asinoe-gmbh.at\/index.php?rest_route=%2Fwp%2Fv2%2Fmedia&parent=40"}],"curies":[{"name":"wp","href":"https:\/\/api.w.org\/{rel}","templated":true}]}}