{"id":38,"date":"2016-12-02T12:41:44","date_gmt":"2016-12-02T10:41:44","guid":{"rendered":"http:\/\/www.asinoe-gmbh.at\/?page_id=38"},"modified":"2024-12-18T08:33:05","modified_gmt":"2024-12-18T07:33:05","slug":"mitarbeiterinnen","status":"publish","type":"page","link":"https:\/\/www.asinoe-gmbh.at\/?page_id=38","title":{"rendered":"Team"},"content":{"rendered":"\n<div class=\"wp-block-group is-content-justification-left is-layout-constrained wp-container-core-group-is-layout-12dd3699 wp-block-group-is-layout-constrained\">\n<p><a href=\"https:\/\/at.linkedin.com\/in\/ute-scholz-bb5b97116\"><b>Dr. Ute Scholz M.A.\u00a0<\/b><\/a><b><\/b><\/p>\n<p><b> <\/b>ist Arch\u00e4ologin und seit vielen Jahren in der arch\u00e4ologischen Denkmalpflege besch\u00e4ftigt. Sie hat die Gesch\u00e4ftsf\u00fchrung der ASINOE GmbH inne und f\u00fchrt Grabungen der Firma durch.<\/p>\n<p><a href=\"mailto:ute.scholz@asinoe-gmbh.at\">ute.scholz@asinoe-gmbh.at<\/a><\/p>\n<p><strong>Judith Benedix M.A., B.A., B.sc.<br \/><\/strong><\/p>\n<p>ist Arch\u00e4ologin mit den Schwerpunkten zeitgeschichtliche Arch\u00e4ologie, Fr\u00fchmittelalter und Anthropologie.<\/p>\n<p><a href=\"mailto:judith.benedix@asinoe-gmbh.at\">judith.benedix@asinoe-gmbh.at<\/a><\/p>\n<p><b>Mag. Katharina Kultus<\/b><\/p>\n<p><b> <\/b>ist Arch\u00e4ologin mit dem Schwerpunkt Urgeschichte.<\/p>\n<p><a href=\"mailto:katharina.adametz@asinoe-gmbh.at\">katharina.kultus@asinoe-gmbh.at<\/a><\/p>\n<p><b>Mag. Marco Kultus<br \/><\/b><\/p>\n<p>ist Arch\u00e4ologe mit anthropologischer Ausbildung und dem Schwerpunkt Urgeschichte.<\/p>\n<p><a href=\"mailto:marco.kultus@asinoe-gmbh.at\">marco.kultus@asinoe-gmbh.at<\/a><\/p>\n<p><strong>Thomas Leutgeb M.A.<\/strong><\/p>\n<p>ist Arch\u00e4ologe mit den Schwerpunkten provinzialr\u00f6mische und digitale Arch\u00e4ologie.<\/p>\n<p><a href=\"mailto:thomas.leutgeb@asinoe-gmbh.at\">thomas.leutgeb@asinoe-gmbh.at<\/a><\/p>\n<p><strong>Jennifer Portschy B.A., B.A., M.A.<\/strong><\/p>\n<p>ist Arch\u00e4ologin mit den Schwerpunkten Gr\u00e4berfeldanalysen, Anthropologie und Mittelalterarch\u00e4ologie.<\/p>\n<p><a href=\"mailto:jennifer.portschy@asinoe-gmbh.at\">jennifer.portschy@asinoe-gmbh.at<\/a><\/p>\n<p><strong>Katharina Zimmermann M.A.<br \/><\/strong><\/p>\n<p>ist zust\u00e4ndig f\u00fcr digitales Management und \u00fcbernimmt Projektleitungen.<\/p>\n<p><a href=\"mailto:katharina.zimmermann@asinoe-gmbh.at\">katharina.zimmermann@asinoe-gmbh.at<\/a><\/p>\n<hr \/>\n<p><strong>Office:\u00a0 Ingrid Penz<\/strong><\/p>\n<p>Tel: +43 2732 71 5 71<\/p>\n<p><a href=\"mailto:office@asinoe-gmbh.at\">office@asinoe-gmbh.at<\/a><\/p>\n<p>&#8212;&#8211;<\/p>\n<p><strong>Restaurierung: Felix Sellner<\/strong><\/p>\n<p>Tel: +43 2732 71 5 71 15<\/p>\n<p><a href=\"mailto:felix.sellner@asinoe-gmbh.at\">felix.sellner@asinoe-gmbh.at<\/a><\/p>\n<\/div>\n","protected":false},"excerpt":{"rendered":"<p>Dr. Ute Scholz M.A.\u00a0 ist Arch\u00e4ologin und seit vielen Jahren in der arch\u00e4ologischen Denkmalpflege besch\u00e4ftigt. Sie hat die Gesch\u00e4ftsf\u00fchrung der ASINOE GmbH inne und f\u00fchrt Grabungen der Firma durch. ute.scholz@asinoe-gmbh.at Judith Benedix M.A., B.A., B.sc. ist Arch\u00e4ologin mit den Schwerpunkten zeitgeschichtliche Arch\u00e4ologie, Fr\u00fchmittelalter und Anthropologie. judith.benedix@asinoe-gmbh.at Mag. Katharina Kultus ist Arch\u00e4ologin mit dem Schwerpunkt Urgeschichte. [&hellip;]<\/p>\n","protected":false},"author":2,"featured_media":0,"parent":0,"menu_order":0,"comment_status":"closed","ping_status":"closed","template":"","meta":{"footnotes":""},"class_list":["post-38","page","type-page","status-publish","hentry"],"aioseo_notices":[],"_links":{"self":[{"href":"https:\/\/www.asinoe-gmbh.at\/index.php?rest_route=\/wp\/v2\/pages\/38","targetHints":{"allow":["GET"]}}],"collection":[{"href":"https:\/\/www.asinoe-gmbh.at\/index.php?rest_route=\/wp\/v2\/pages"}],"about":[{"href":"https:\/\/www.asinoe-gmbh.at\/index.php?rest_route=\/wp\/v2\/types\/page"}],"author":[{"embeddable":true,"href":"https:\/\/www.asinoe-gmbh.at\/index.php?rest_route=\/wp\/v2\/users\/2"}],"replies":[{"embeddable":true,"href":"https:\/\/www.asinoe-gmbh.at\/index.php?rest_route=%2Fwp%2Fv2%2Fcomments&post=38"}],"version-history":[{"count":12,"href":"https:\/\/www.asinoe-gmbh.at\/index.php?rest_route=\/wp\/v2\/pages\/38\/revisions"}],"predecessor-version":[{"id":1323,"href":"https:\/\/www.asinoe-gmbh.at\/index.php?rest_route=\/wp\/v2\/pages\/38\/revisions\/1323"}],"wp:attachment":[{"href":"https:\/\/www.asinoe-gmbh.at\/index.php?rest_route=%2Fwp%2Fv2%2Fmedia&parent=38"}],"curies":[{"name":"wp","href":"https:\/\/api.w.org\/{rel}","templated":true}]}}