{"id":104,"date":"2017-07-18T23:33:06","date_gmt":"2017-07-18T21:33:06","guid":{"rendered":"http:\/\/www.asinoe-gmbh.at\/?page_id=104"},"modified":"2023-05-30T08:24:41","modified_gmt":"2023-05-30T06:24:41","slug":"leistungen","status":"publish","type":"page","link":"https:\/\/www.asinoe-gmbh.at\/?page_id=104","title":{"rendered":"Leistungen"},"content":{"rendered":"\n<div class=\"wp-block-group alignwide is-layout-constrained wp-block-group-is-layout-constrained\">\n<figure class=\"wp-block-image alignwide size-large\"><img loading=\"lazy\" decoding=\"async\" width=\"1024\" height=\"273\" src=\"https:\/\/www.asinoe-gmbh.at\/wp-content\/uploads\/2023\/05\/DJI_0626-1024x273.jpg\" alt=\"\" class=\"wp-image-811\" srcset=\"https:\/\/www.asinoe-gmbh.at\/wp-content\/uploads\/2023\/05\/DJI_0626-1024x273.jpg 1024w, https:\/\/www.asinoe-gmbh.at\/wp-content\/uploads\/2023\/05\/DJI_0626-300x80.jpg 300w, https:\/\/www.asinoe-gmbh.at\/wp-content\/uploads\/2023\/05\/DJI_0626-768x205.jpg 768w, https:\/\/www.asinoe-gmbh.at\/wp-content\/uploads\/2023\/05\/DJI_0626-1536x410.jpg 1536w, https:\/\/www.asinoe-gmbh.at\/wp-content\/uploads\/2023\/05\/DJI_0626-2048x547.jpg 2048w\" sizes=\"auto, (max-width: 1024px) 100vw, 1024px\" \/><\/figure>\n\n\n\n<div class=\"wp-block-group alignwide is-content-justification-left is-layout-constrained wp-container-core-group-is-layout-12dd3699 wp-block-group-is-layout-constrained\">\n<div class=\"wp-block-group alignwide is-content-justification-left is-layout-constrained wp-container-core-group-is-layout-12dd3699 wp-block-group-is-layout-constrained\">\n<div style=\"height:100px\" aria-hidden=\"true\" class=\"wp-block-spacer\"><\/div>\n\n\n\n<h2 class=\"wp-block-heading has-text-align-left has-ti-accent-color has-text-color\">Sie planen eine Bauma\u00dfnahme, die eine arch\u00e4ologische Untersuchung notwendig macht?<\/h2>\n\n\n\n<p><\/p>\n\n\n\n<h3 class=\"wp-block-heading has-text-align-left\"><span style=\"color: #2e5019;\"><\/span>Sie w\u00fcnschen sich eine gute Planbarkeit Ihres Projektes?<\/h3>\n\n\n\n<div style=\"height:20px\" aria-hidden=\"true\" class=\"wp-block-spacer\"><\/div>\n\n\n\n<p>Wir erm\u00f6glichen Ihnen die Einhaltung Ihres Zeitplanes mit einer schnellen, flexiblen und kosteng\u00fcnstigen Durchf\u00fchrung des Projekts durch<\/p>\n\n\n\n<ul class=\"wp-block-list\">\n<li>ein kompetentes Team mit langj\u00e4hriger Erfahrung im Denkmalschutzbereich<\/li>\n\n\n\n<li>den Einsatz neuester technischer Hilfsmittel und Software (digitale Vermessung, Visualisierung, Dokumentation)\n<ul class=\"wp-block-list\">\n<li><a href=\"https:\/\/ec.europa.eu\/agriculture\/rural-development-2014-2020_de\">gef\u00f6rdert durch LE 14-20 &#8211; Entwicklung des l\u00e4ndlichen Raumes <\/a><\/li>\n\n\n\n<li><a href=\"https:\/\/www.bmnt.gv.at\/land\/laendl_entwicklung\/netzwerk_zukunftsraum_land.html\">https:\/\/www.bmnt.gv.at\/land\/laendl_entwicklung\/netzwerk_zukunftsraum_land.html<\/a><\/li>\n<\/ul>\n<\/li>\n<\/ul>\n\n\n\n<h2 class=\"wp-block-heading has-text-align-center\"><img loading=\"lazy\" decoding=\"async\" class=\"alignnone  wp-image-482\" src=\"https:\/\/www.asinoe-gmbh.at\/wp-content\/uploads\/2023\/05\/Foerderlogos-300x57.jpg\" alt=\"\" width=\"410\" height=\"78\" srcset=\"https:\/\/www.asinoe-gmbh.at\/wp-content\/uploads\/2023\/05\/Foerderlogos-300x57.jpg 300w, https:\/\/www.asinoe-gmbh.at\/wp-content\/uploads\/2023\/05\/Foerderlogos-1024x195.jpg 1024w, https:\/\/www.asinoe-gmbh.at\/wp-content\/uploads\/2023\/05\/Foerderlogos-768x146.jpg 768w, https:\/\/www.asinoe-gmbh.at\/wp-content\/uploads\/2023\/05\/Foerderlogos.jpg 1385w\" sizes=\"auto, (max-width: 410px) 100vw, 410px\" \/><\/h2>\n\n\n\n<h3 class=\"wp-block-heading\">Sie w\u00fcnschen sich einen reibungslosen Ablauf Ihres Bauvorhabens?<\/h3>\n\n\n\n<ul class=\"wp-block-list\">\n<li>Wir helfen Ihnen von Beginn an bei der Kommunikation mit der Denkmalbeh\u00f6rde, dem Planungsb\u00fcro und den ausf\u00fchrenden Baufirmen<\/li>\n\n\n\n<li>W\u00e4hrend der gesamten Laufzeit Ihres Projektes stehen wir in engem Kontakt zum Denkmalamt und allen weiteren Beteiligten<\/li>\n<\/ul>\n<\/div>\n\n\n\n<div class=\"wp-block-group is-content-justification-left is-layout-constrained wp-container-core-group-is-layout-12dd3699 wp-block-group-is-layout-constrained\">\n<div class=\"wp-block-group is-vertical is-nowrap is-layout-flex wp-container-core-group-is-layout-6fe931d8 wp-block-group-is-layout-flex\">\n<div class=\"wp-block-group is-vertical is-nowrap is-layout-flex wp-container-core-group-is-layout-6fe931d8 wp-block-group-is-layout-flex\">\n<div style=\"height:100px\" aria-hidden=\"true\" class=\"wp-block-spacer\"><\/div>\n<\/div>\n<\/div>\n<\/div>\n<\/div>\n<\/div>\n\n\n\n<div class=\"wp-block-buttons is-content-justification-left is-layout-flex wp-container-core-buttons-is-layout-fc4fd283 wp-block-buttons-is-layout-flex\">\n<div class=\"wp-block-button\"><a class=\"wp-block-button__link wp-element-button\" href=\"https:\/\/www.asinoe-gmbh.at\/?page_id=950\">Arch\u00e4ologie<\/a><\/div>\n\n\n\n<div class=\"wp-block-button\"><a class=\"wp-block-button__link wp-element-button\" href=\"https:\/\/www.asinoe-gmbh.at\/?page_id=971\">Bauforschung<\/a><\/div>\n\n\n\n<div class=\"wp-block-button\"><a class=\"wp-block-button__link wp-element-button\" href=\"https:\/\/www.asinoe-gmbh.at\/?page_id=999\">Wissenschaft<\/a><\/div>\n<\/div>\n","protected":false},"excerpt":{"rendered":"<p>Sie planen eine Bauma\u00dfnahme, die eine arch\u00e4ologische Untersuchung notwendig macht? Sie w\u00fcnschen sich eine gute Planbarkeit Ihres Projektes? Wir erm\u00f6glichen Ihnen die Einhaltung Ihres Zeitplanes mit einer schnellen, flexiblen und kosteng\u00fcnstigen Durchf\u00fchrung des Projekts durch Sie w\u00fcnschen sich einen reibungslosen Ablauf Ihres Bauvorhabens?<\/p>\n","protected":false},"author":1,"featured_media":0,"parent":0,"menu_order":0,"comment_status":"closed","ping_status":"closed","template":"","meta":{"footnotes":""},"class_list":["post-104","page","type-page","status-publish","hentry"],"aioseo_notices":[],"_links":{"self":[{"href":"https:\/\/www.asinoe-gmbh.at\/index.php?rest_route=\/wp\/v2\/pages\/104","targetHints":{"allow":["GET"]}}],"collection":[{"href":"https:\/\/www.asinoe-gmbh.at\/index.php?rest_route=\/wp\/v2\/pages"}],"about":[{"href":"https:\/\/www.asinoe-gmbh.at\/index.php?rest_route=\/wp\/v2\/types\/page"}],"author":[{"embeddable":true,"href":"https:\/\/www.asinoe-gmbh.at\/index.php?rest_route=\/wp\/v2\/users\/1"}],"replies":[{"embeddable":true,"href":"https:\/\/www.asinoe-gmbh.at\/index.php?rest_route=%2Fwp%2Fv2%2Fcomments&post=104"}],"version-history":[{"count":77,"href":"https:\/\/www.asinoe-gmbh.at\/index.php?rest_route=\/wp\/v2\/pages\/104\/revisions"}],"predecessor-version":[{"id":1154,"href":"https:\/\/www.asinoe-gmbh.at\/index.php?rest_route=\/wp\/v2\/pages\/104\/revisions\/1154"}],"wp:attachment":[{"href":"https:\/\/www.asinoe-gmbh.at\/index.php?rest_route=%2Fwp%2Fv2%2Fmedia&parent=104"}],"curies":[{"name":"wp","href":"https:\/\/api.w.org\/{rel}","templated":true}]}}